{"id":13,"date":"2015-12-01T13:02:21","date_gmt":"2015-12-01T12:02:21","guid":{"rendered":"http:\/\/augenarzt-stangl.at\/?page_id=13"},"modified":"2026-04-07T06:32:16","modified_gmt":"2026-04-07T04:32:16","slug":"home","status":"publish","type":"page","link":"https:\/\/augenarzt-stangl.at\/","title":{"rendered":"Home"},"content":{"rendered":"<h1 style=\"text-align: center;\"><a href=\"https:\/\/augenarzt-stangl.at\/wp-content\/uploads\/2015\/12\/Sch\u00f6n-dich-zu-sehen.gif\"><img loading=\"lazy\" decoding=\"async\" class=\"size-medium wp-image-11 aligncenter\" src=\"https:\/\/augenarzt-stangl.at\/wp-content\/uploads\/2015\/12\/Sch\u00f6n-dich-zu-sehen-300x45.gif\" alt=\"Sch\u00f6n dich zu sehen\" width=\"300\" height=\"45\"><\/a><\/h1>\n<h1 style=\"text-align: center;\">Konservative und operative Augenheilkunde<br>Kontaktlinseninstitut<br><strong>Alle Kassen und Privat<\/strong><\/h1>\n<p>&nbsp;<\/p>\n<p>&nbsp;<\/p>\n<h1 style=\"text-align: center;\">Termine ausnahmslos nach Voranmeldung<\/h1>\n<h1 style=\"text-align: center;\">auf unserer<\/h1>\n<h1 style=\"text-align: center;\">Homepage oder telefonisch m\u00f6glich.<\/h1>\n<p>&nbsp;<\/p>\n<p>&nbsp;<\/p>\n<h1 style=\"text-align: center;\">Die derzeitigen Ordinationszeiten k\u00f6nnen<\/h1>\n<h1 style=\"text-align: center;\">gelegentlich von unseren \u00fcblichen<\/h1>\n<h1 style=\"text-align: center;\">\u00d6ffnungszeiten abweichen!<\/h1>\n<h1>&nbsp;<\/h1>\n<p>&nbsp;<\/p>\n<p>&nbsp;<\/p>\n\n\n<p><\/p>\n","protected":false},"excerpt":{"rendered":"<p>Konservative und operative AugenheilkundeKontaktlinseninstitutAlle Kassen und Privat &nbsp; &nbsp; Termine ausnahmslos nach Voranmeldung auf unserer Homepage oder telefonisch m\u00f6glich. &nbsp; &nbsp; Die derzeitigen Ordinationszeiten k\u00f6nnen gelegentlich von unseren \u00fcblichen \u00d6ffnungszeiten abweichen! &nbsp; &nbsp; &nbsp;<\/p>\n","protected":false},"author":1,"featured_media":0,"parent":0,"menu_order":0,"comment_status":"closed","ping_status":"closed","template":"","meta":{"ngg_post_thumbnail":0,"footnotes":""},"class_list":["post-13","page","type-page","status-publish","hentry"],"_links":{"self":[{"href":"https:\/\/augenarzt-stangl.at\/index.php\/wp-json\/wp\/v2\/pages\/13","targetHints":{"allow":["GET"]}}],"collection":[{"href":"https:\/\/augenarzt-stangl.at\/index.php\/wp-json\/wp\/v2\/pages"}],"about":[{"href":"https:\/\/augenarzt-stangl.at\/index.php\/wp-json\/wp\/v2\/types\/page"}],"author":[{"embeddable":true,"href":"https:\/\/augenarzt-stangl.at\/index.php\/wp-json\/wp\/v2\/users\/1"}],"replies":[{"embeddable":true,"href":"https:\/\/augenarzt-stangl.at\/index.php\/wp-json\/wp\/v2\/comments?post=13"}],"version-history":[{"count":303,"href":"https:\/\/augenarzt-stangl.at\/index.php\/wp-json\/wp\/v2\/pages\/13\/revisions"}],"predecessor-version":[{"id":857,"href":"https:\/\/augenarzt-stangl.at\/index.php\/wp-json\/wp\/v2\/pages\/13\/revisions\/857"}],"wp:attachment":[{"href":"https:\/\/augenarzt-stangl.at\/index.php\/wp-json\/wp\/v2\/media?parent=13"}],"curies":[{"name":"wp","href":"https:\/\/api.w.org\/{rel}","templated":true}]}}