{"id":26,"date":"2015-12-01T13:03:25","date_gmt":"2015-12-01T12:03:25","guid":{"rendered":"http:\/\/augenarzt-stangl.at\/?page_id=26"},"modified":"2024-05-22T16:23:02","modified_gmt":"2024-05-22T14:23:02","slug":"impressum","status":"publish","type":"page","link":"https:\/\/augenarzt-stangl.at\/index.php\/impressum\/","title":{"rendered":"Impressum"},"content":{"rendered":"<div class=\"entry-content\">\n<p>Information gem\u00e4\u00df \u00a7 5 E-Commerce-Gesetz und Offenlegung gem\u00e4\u00df \u00a7 25 Mediengesetz.<\/p>\n<p>Dienstanbieter und Medieninhaber:<\/p>\n<p><strong>Dr. Christian Stangl<\/strong><br \/>\nKoloman-Wallisch-Platz 3a<br \/>\n8600 Bruck an der Mur<br \/>\n\u00d6sterreich<\/p>\n<p>Tel. 03862\/55044<br \/>\nFax 03862\/55044\/44<br \/>\nHomepage <a href=\"http:\/\/www.augenarzt-stangl.at\">www.augenarzt-stangl.at<\/a><\/p>\n<p>Mitglied der \u00c4rztekammer f\u00fcr&nbsp;Steiermark<br \/>\nBerufsbezeichnung: Facharzt f\u00fcr Augenheilkunde und Optometrie (verliehen in \u00d6sterreich)<br \/>\nT\u00e4tigkeit unterliegt dem \u00c4rztegesetz 1998 (siehe <a href=\"http:\/\/www.ris.bka.gv.at\/bundesrecht\" target=\"_blank\" rel=\"noopener\">www.ris.bka.gv.at\/bundesrecht<\/a>)<\/p>\n<\/div>\n<p>&nbsp;<\/p>\n<h3>Website Erstellung<\/h3>\n<p><big><a href=\"https:\/\/www.kutschera.co.at\">Kutschera Datentechnik GmbH<\/a><br \/>\nFischeraustra\u00dfe 13\/5<br \/>\n8051 Graz-G\u00f6sting<br \/>\n\u00d6sterreich<\/big><\/p>\n<p><big><strong>Powered by \u00c4rztesoftware ganyMED<br \/>\nf\u00fcr Augen\u00e4rzte<\/strong> <a href=\"https:\/\/www.ganymed.at\/anwendungsbereiche\/augenheilkunde\/\">www.ganymed.at<\/a><\/big><\/p>\n","protected":false},"excerpt":{"rendered":"<p>Information gem\u00e4\u00df \u00a7 5 E-Commerce-Gesetz und Offenlegung gem\u00e4\u00df \u00a7 25 Mediengesetz. Dienstanbieter und Medieninhaber: Dr. Christian Stangl Koloman-Wallisch-Platz 3a 8600 Bruck an der Mur \u00d6sterreich Tel. 03862\/55044 Fax 03862\/55044\/44 Homepage www.augenarzt-stangl.at Mitglied der \u00c4rztekammer f\u00fcr&nbsp;Steiermark Berufsbezeichnung: Facharzt f\u00fcr Augenheilkunde und&hellip;<\/p>\n","protected":false},"author":1,"featured_media":0,"parent":0,"menu_order":0,"comment_status":"closed","ping_status":"closed","template":"","meta":{"ngg_post_thumbnail":0,"footnotes":""},"class_list":["post-26","page","type-page","status-publish","hentry"],"_links":{"self":[{"href":"https:\/\/augenarzt-stangl.at\/index.php\/wp-json\/wp\/v2\/pages\/26","targetHints":{"allow":["GET"]}}],"collection":[{"href":"https:\/\/augenarzt-stangl.at\/index.php\/wp-json\/wp\/v2\/pages"}],"about":[{"href":"https:\/\/augenarzt-stangl.at\/index.php\/wp-json\/wp\/v2\/types\/page"}],"author":[{"embeddable":true,"href":"https:\/\/augenarzt-stangl.at\/index.php\/wp-json\/wp\/v2\/users\/1"}],"replies":[{"embeddable":true,"href":"https:\/\/augenarzt-stangl.at\/index.php\/wp-json\/wp\/v2\/comments?post=26"}],"version-history":[{"count":9,"href":"https:\/\/augenarzt-stangl.at\/index.php\/wp-json\/wp\/v2\/pages\/26\/revisions"}],"predecessor-version":[{"id":691,"href":"https:\/\/augenarzt-stangl.at\/index.php\/wp-json\/wp\/v2\/pages\/26\/revisions\/691"}],"wp:attachment":[{"href":"https:\/\/augenarzt-stangl.at\/index.php\/wp-json\/wp\/v2\/media?parent=26"}],"curies":[{"name":"wp","href":"https:\/\/api.w.org\/{rel}","templated":true}]}}